{"id":89,"date":"2018-07-09T20:53:59","date_gmt":"2018-07-09T18:53:59","guid":{"rendered":"http:\/\/branckotte.be\/?page_id=89"},"modified":"2026-02-20T22:07:02","modified_gmt":"2026-02-20T21:07:02","slug":"services-proposes-et-tarifs","status":"publish","type":"page","link":"https:\/\/branckotte.be\/?page_id=89","title":{"rendered":"Services propos\u00e9s et tarifs"},"content":{"rendered":"<p><span style=\"text-decoration: underline;\">Les s\u00e9ances \u00e0 Chapelle-les-Herlaimont ont lieu au:<\/span><\/p>\n<p>24 Rue L\u00e9on Langlois &#8211; 7160 Pieton<\/p>\n<p><span style=\"text-decoration: underline;\">Tarifs<\/span><\/p>\n<ul>\n<li>Une s\u00e9ance de kin\u00e9siologie, de soin \u00e9nerg\u00e9tique, ou de magn\u00e9tisme \u00e0 Chapelle-lez-Herlaimont (1h \u00e0 1h15) : 60\u20ac<\/li>\n<li>Une s\u00e9ance de kin\u00e9siologie, de soin \u00e9nerg\u00e9tique, ou de magn\u00e9tisme \u00e0 Chapelle-lez-Herlaimont (1h \u00e0 1h15) pour enfant ( jusqu&rsquo;\u00e0 12 ans) : 40\u20ac<\/li>\n<li>Une s\u00e9ance de kin\u00e9siologie, de soin \u00e9nerg\u00e9tique, ou de magn\u00e9tisme \u00e0 domicile (1h \u00e0 1h30) : 70\u20ac<\/li>\n<\/ul>\n<ul>\n<li>Une expertise g\u00e9obiologique revient \u00e0 200\u20ac pour un particulier. Pour les soci\u00e9t\u00e9s, un devis est \u00e9tabli selon la demande.<\/li>\n<\/ul>\n","protected":false},"excerpt":{"rendered":"<p>Les s\u00e9ances \u00e0 Chapelle-les-Herlaimont ont lieu au: 24 Rue L\u00e9on Langlois &#8211; 7160 Pieton Tarifs Une s\u00e9ance de kin\u00e9siologie, de soin \u00e9nerg\u00e9tique, ou de magn\u00e9tisme \u00e0 Chapelle-lez-Herlaimont (1h \u00e0 1h15) : 60\u20ac Une s\u00e9ance de kin\u00e9siologie, de soin \u00e9nerg\u00e9tique, ou de magn\u00e9tisme \u00e0 Chapelle-lez-Herlaimont (1h \u00e0 1h15) pour enfant ( jusqu&rsquo;\u00e0 12 ans) : 40\u20ac Une s\u00e9ance de<\/p>\n","protected":false},"author":1,"featured_media":0,"parent":0,"menu_order":4,"comment_status":"closed","ping_status":"closed","template":"","meta":{"footnotes":""},"class_list":["post-89","page","type-page","status-publish","hentry"],"_links":{"self":[{"href":"https:\/\/branckotte.be\/index.php?rest_route=\/wp\/v2\/pages\/89","targetHints":{"allow":["GET"]}}],"collection":[{"href":"https:\/\/branckotte.be\/index.php?rest_route=\/wp\/v2\/pages"}],"about":[{"href":"https:\/\/branckotte.be\/index.php?rest_route=\/wp\/v2\/types\/page"}],"author":[{"embeddable":true,"href":"https:\/\/branckotte.be\/index.php?rest_route=\/wp\/v2\/users\/1"}],"replies":[{"embeddable":true,"href":"https:\/\/branckotte.be\/index.php?rest_route=%2Fwp%2Fv2%2Fcomments&post=89"}],"version-history":[{"count":14,"href":"https:\/\/branckotte.be\/index.php?rest_route=\/wp\/v2\/pages\/89\/revisions"}],"predecessor-version":[{"id":342,"href":"https:\/\/branckotte.be\/index.php?rest_route=\/wp\/v2\/pages\/89\/revisions\/342"}],"wp:attachment":[{"href":"https:\/\/branckotte.be\/index.php?rest_route=%2Fwp%2Fv2%2Fmedia&parent=89"}],"curies":[{"name":"wp","href":"https:\/\/api.w.org\/{rel}","templated":true}]}}