{"id":52,"date":"2018-07-01T22:54:05","date_gmt":"2018-07-01T20:54:05","guid":{"rendered":"http:\/\/branckotte.be\/?page_id=52"},"modified":"2026-02-20T22:15:11","modified_gmt":"2026-02-20T21:15:11","slug":"magnetisme","status":"publish","type":"page","link":"https:\/\/branckotte.be\/?page_id=52","title":{"rendered":"Kin\u00e9siologie"},"content":{"rendered":"<p>La kin\u00e9siologie vous permettra de prendre conscience des blocages ancr\u00e9s de votre corps, et d&rsquo;en lib\u00e9rer les \u00e9motions. Elle permet \u00e9galement de limiter ou de faire dispara\u00eetre ce<span class=\"text_exposed_show\">rtaines peurs ou \u00e9motions ( peur des araign\u00e9es, accident de la route,&#8230;) par des techniques simples et non intrusives dans la vie de la personne. <\/span><\/p>\n<p>Remarque: La kin\u00e9siologie n&rsquo;est pas une th\u00e9rapie, et par cons\u00e9quent ne remplace pas votre suivi m\u00e9dical habituel. Ce sont des outils qui peuvent aider les personnes \u00e0 se sentir mieux dans leur peau dans leur vie de tous les jours. Il ne sera jamais effectu\u00e9 de diagnostics m\u00e9dicaux, que seul un membre du corps m\u00e9dical peut effectuer, ni de changement de la posologie prescrite par celui-ci.<\/p>\n","protected":false},"excerpt":{"rendered":"<p>La kin\u00e9siologie vous permettra de prendre conscience des blocages ancr\u00e9s de votre corps, et d&rsquo;en lib\u00e9rer les \u00e9motions. Elle permet \u00e9galement de limiter ou de faire dispara\u00eetre certaines peurs ou \u00e9motions ( peur des araign\u00e9es, accident de la route,&#8230;) par des techniques simples et non intrusives dans la vie de la personne. Remarque: La kin\u00e9siologie n&rsquo;est pas une<\/p>\n","protected":false},"author":1,"featured_media":0,"parent":0,"menu_order":1,"comment_status":"closed","ping_status":"closed","template":"","meta":{"footnotes":""},"class_list":["post-52","page","type-page","status-publish","hentry"],"_links":{"self":[{"href":"https:\/\/branckotte.be\/index.php?rest_route=\/wp\/v2\/pages\/52","targetHints":{"allow":["GET"]}}],"collection":[{"href":"https:\/\/branckotte.be\/index.php?rest_route=\/wp\/v2\/pages"}],"about":[{"href":"https:\/\/branckotte.be\/index.php?rest_route=\/wp\/v2\/types\/page"}],"author":[{"embeddable":true,"href":"https:\/\/branckotte.be\/index.php?rest_route=\/wp\/v2\/users\/1"}],"replies":[{"embeddable":true,"href":"https:\/\/branckotte.be\/index.php?rest_route=%2Fwp%2Fv2%2Fcomments&post=52"}],"version-history":[{"count":5,"href":"https:\/\/branckotte.be\/index.php?rest_route=\/wp\/v2\/pages\/52\/revisions"}],"predecessor-version":[{"id":523,"href":"https:\/\/branckotte.be\/index.php?rest_route=\/wp\/v2\/pages\/52\/revisions\/523"}],"wp:attachment":[{"href":"https:\/\/branckotte.be\/index.php?rest_route=%2Fwp%2Fv2%2Fmedia&parent=52"}],"curies":[{"name":"wp","href":"https:\/\/api.w.org\/{rel}","templated":true}]}}