{"id":495,"date":"2026-02-19T19:56:20","date_gmt":"2026-02-19T18:56:20","guid":{"rendered":"https:\/\/branckotte.be\/?page_id=495"},"modified":"2026-02-20T22:22:01","modified_gmt":"2026-02-20T21:22:01","slug":"contact-2","status":"publish","type":"page","link":"https:\/\/branckotte.be\/?page_id=495","title":{"rendered":"Contact"},"content":{"rendered":"\n<p>Pour toute question, prise de rendez-vous ou demande d\u2019information, vous pouvez me contacter facilement via les moyens ci-dessous. Je vous r\u00e9pondrai avec plaisir.<\/p>\n\n\n\n<h2 class=\"wp-block-heading\">Mes coordonn\u00e9es<\/h2>\n\n\n\n<p><strong>Adresse :<\/strong><br>24 Rue L\u00e9on Langlois<br>7160 Chapelle Lez Herlaimont<\/p>\n\n\n\n<p>n\u00b0 de TVA: BE0775.179.953<\/p>\n\n\n\n<p><strong>T\u00e9l\u00e9phone :<\/strong><br><a href=\"tel:+324XXXXXXXX\">+32 (0)476 98 36 79<\/a><\/p>\n\n\n\n<p><strong>Email :<\/strong><br><a href=\"mailto:francois@branckotte.be\">info@branckotte.be<\/a><\/p>\n\n\n\n<p>ATTENTION: Si vous me contactez par email, veuillez verifier vos spams pour la r\u00e9ception de la r\u00e9ponse.<\/p>\n\n\n\n<p>Pour toute demande de rendez-vous par email, pri\u00e8re d&rsquo;indiquer votre n\u00b0 de t\u00e9l\u00e9phone pour que je puisse vous appeler pour fixer le rendez-vous.<\/p>\n\n\n\n<h2 class=\"wp-block-heading\">Horaires<\/h2>\n\n\n\n<p>Les consultations se font uniquement sur rendez-vous.<\/p>\n\n\n\n<ul class=\"wp-block-list\">\n<li>Lundi \u2013 Vendredi : \u00e0 partir de 16h<\/li>\n\n\n\n<li>Samedi : sur demande<\/li>\n\n\n\n<li>Dimanche : ferm\u00e9<\/li>\n<\/ul>\n\n\n\n<h2 class=\"wp-block-heading\">Formulaire de contact<\/h2>\n\n\n\n<p>Vous pouvez \u00e9galement m\u2019envoyer un message via ce formulaire :<\/p>\n\n\n\n<div class=\"wpcf7 no-js\" id=\"wpcf7-f501-o1\" lang=\"fr-FR\" dir=\"ltr\" data-wpcf7-id=\"501\">\n<div class=\"screen-reader-response\"><p role=\"status\" aria-live=\"polite\" aria-atomic=\"true\"><\/p> <ul><\/ul><\/div>\n<form action=\"\/index.php?rest_route=%2Fwp%2Fv2%2Fpages%2F495#wpcf7-f501-o1\" method=\"post\" class=\"wpcf7-form init\" aria-label=\"Formulaire de contact\" novalidate=\"novalidate\" data-status=\"init\">\n<fieldset class=\"hidden-fields-container\"><input type=\"hidden\" name=\"_wpcf7\" value=\"501\" \/><input type=\"hidden\" name=\"_wpcf7_version\" value=\"6.1.5\" \/><input type=\"hidden\" name=\"_wpcf7_locale\" value=\"fr_FR\" \/><input type=\"hidden\" name=\"_wpcf7_unit_tag\" value=\"wpcf7-f501-o1\" \/><input type=\"hidden\" name=\"_wpcf7_container_post\" value=\"0\" \/><input type=\"hidden\" name=\"_wpcf7_posted_data_hash\" value=\"\" \/><input type=\"hidden\" name=\"_wpcf7_recaptcha_response\" value=\"\" \/>\n<\/fieldset>\n<p><span class=\"wpcf7-form-control-wrap\" data-name=\"your-name\"><input size=\"40\" maxlength=\"400\" class=\"wpcf7-form-control wpcf7-text wpcf7-validates-as-required\" aria-required=\"true\" aria-invalid=\"false\" placeholder=\"Votre nom\" value=\"\" type=\"text\" name=\"your-name\" \/><\/span>\n<\/p>\n<p><span class=\"wpcf7-form-control-wrap\" data-name=\"your-email\"><input size=\"40\" maxlength=\"400\" class=\"wpcf7-form-control wpcf7-email wpcf7-validates-as-required wpcf7-text wpcf7-validates-as-email\" aria-required=\"true\" aria-invalid=\"false\" placeholder=\"Votre email\" value=\"\" type=\"email\" name=\"your-email\" \/><\/span>\n<\/p>\n<p><span class=\"wpcf7-form-control-wrap\" data-name=\"your-phone\"><input size=\"40\" maxlength=\"400\" class=\"wpcf7-form-control wpcf7-tel wpcf7-text wpcf7-validates-as-tel\" aria-invalid=\"false\" placeholder=\"Votre t\u00e9l\u00e9phone (optionnel \/ obligatoire si demande de rendez-vous)\" value=\"\" type=\"tel\" name=\"your-phone\" \/><\/span>\n<\/p>\n<p><span class=\"wpcf7-form-control-wrap\" data-name=\"your-message\"><textarea cols=\"40\" rows=\"10\" maxlength=\"2000\" class=\"wpcf7-form-control wpcf7-textarea wpcf7-validates-as-required\" aria-required=\"true\" aria-invalid=\"false\" placeholder=\"Votre message\" name=\"your-message\"><\/textarea><\/span>\n<\/p>\n<p><input class=\"wpcf7-form-control wpcf7-submit has-spinner\" type=\"submit\" value=\"Envoyer\" \/>\n<\/p><p style=\"display: none !important;\" class=\"akismet-fields-container\" data-prefix=\"_wpcf7_ak_\"><label>&#916;<textarea name=\"_wpcf7_ak_hp_textarea\" cols=\"45\" rows=\"8\" maxlength=\"100\"><\/textarea><\/label><input type=\"hidden\" id=\"ak_js_1\" name=\"_wpcf7_ak_js\" value=\"68\"\/><script type=\"text\/javascript\">\n\/* <![CDATA[ *\/\ndocument.getElementById( \"ak_js_1\" ).setAttribute( \"value\", ( new Date() ).getTime() );\n\/* ]]> *\/\n<\/script>\n<\/p><div class=\"wpcf7-response-output\" aria-hidden=\"true\"><\/div>\n<\/form>\n<\/div>\n\n\n\n\n<p><\/p>\n\n\n\n<h2 class=\"wp-block-heading\">Localisation<\/h2>\n\n\n\n<p class=\".page-contact {   max-width: 900px;   margin: 0 auto;   padding: 40px 20px;   font-family: system-ui, sans-serif;   line-height: 1.7; }  .page-contact h1 {   text-align: center;   font-size: 2.4rem;   margin-bottom: 10px; }  .page-contact .intro-texte {   text-align: center;   font-size: 1.1rem;   color: #4a5f55;   margin-bottom: 40px; }  .page-contact .bloc {   background: #f7f9f8;   padding: 25px;   border-radius: 10px;   margin-bottom: 30px; }  .page-contact h2 {   color: #345244;   margin-bottom: 10px;   font-size: 1.5rem; }  .page-contact ul {   padding-left: 20px; }  .form-contact input, .form-contact textarea {   width: 100%;   padding: 10px;   margin-top: 5px;   margin-bottom: 15px;   border: 1px solid #ccc;   border-radius: 6px; }  .form-contact button {   background: #345244;   color: white;   padding: 12px 25px;   border: none;   border-radius: 6px;   cursor: pointer;   font-size: 1rem; }  .form-contact button:hover {   background: #2c4439; }  .map-container {   margin-top: 15px;   border-radius: 10px;   overflow: hidden; }\">Le cabinet est facilement accessible et dispose de places de parking sur la rue.<\/p>\n\n\n\n<p><a href=\"https:\/\/www.google.com\/maps\/place\/Rue+L%C3%A9on+Langlois+24,+7160+Chapelle-lez-Herlaimont\/@50.4370641,4.2901118,248m\/data=!3m2!1e3!4b1!4m6!3m5!1s0x47c23081a0ff7a59:0x807886ca2d7484f0!8m2!3d50.4370632!4d4.2907555!16s%2Fg%2F11c4lf2r21?entry=ttu&amp;g_ep=EgoyMDI2MDIxNi4wIKXMDSoASAFQAw%3D%3D\">https:\/\/www.google.com\/maps\/place\/Rue+L%C3%A9on+Langlois+24,+7160+Chapelle-lez-Herlaimont\/@50.4370641,4.2901118,248m\/data=!3m2!1e3!4b1!4m6!3m5!1s0x47c23081a0ff7a59:0x807886ca2d7484f0!8m2!3d50.4370632!4d4.2907555!16s%2Fg%2F11c4lf2r21?entry=ttu&amp;g_ep=EgoyMDI2MDIxNi4wIKXMDSoASAFQAw%3D%3D<\/a><\/p>\n","protected":false},"excerpt":{"rendered":"<p>Pour toute question, prise de rendez-vous ou demande d\u2019information, vous pouvez me contacter facilement via les moyens ci-dessous. Je vous r\u00e9pondrai avec plaisir. Mes coordonn\u00e9es Adresse :24 Rue L\u00e9on Langlois7160 Chapelle Lez Herlaimont n\u00b0 de TVA: BE0775.179.953 T\u00e9l\u00e9phone :+32 (0)476 98 36 79 Email :info@branckotte.be ATTENTION: Si vous me contactez par email, veuillez verifier vos spams pour la<\/p>\n","protected":false},"author":1,"featured_media":0,"parent":0,"menu_order":7,"comment_status":"closed","ping_status":"closed","template":"","meta":{"footnotes":""},"class_list":["post-495","page","type-page","status-publish","hentry"],"_links":{"self":[{"href":"https:\/\/branckotte.be\/index.php?rest_route=\/wp\/v2\/pages\/495","targetHints":{"allow":["GET"]}}],"collection":[{"href":"https:\/\/branckotte.be\/index.php?rest_route=\/wp\/v2\/pages"}],"about":[{"href":"https:\/\/branckotte.be\/index.php?rest_route=\/wp\/v2\/types\/page"}],"author":[{"embeddable":true,"href":"https:\/\/branckotte.be\/index.php?rest_route=\/wp\/v2\/users\/1"}],"replies":[{"embeddable":true,"href":"https:\/\/branckotte.be\/index.php?rest_route=%2Fwp%2Fv2%2Fcomments&post=495"}],"version-history":[{"count":7,"href":"https:\/\/branckotte.be\/index.php?rest_route=\/wp\/v2\/pages\/495\/revisions"}],"predecessor-version":[{"id":507,"href":"https:\/\/branckotte.be\/index.php?rest_route=\/wp\/v2\/pages\/495\/revisions\/507"}],"wp:attachment":[{"href":"https:\/\/branckotte.be\/index.php?rest_route=%2Fwp%2Fv2%2Fmedia&parent=495"}],"curies":[{"name":"wp","href":"https:\/\/api.w.org\/{rel}","templated":true}]}}