{"id":487,"date":"2026-02-19T19:48:56","date_gmt":"2026-02-19T18:48:56","guid":{"rendered":"https:\/\/branckotte.be\/?page_id=487"},"modified":"2026-02-20T22:21:32","modified_gmt":"2026-02-20T21:21:32","slug":"soins-energetiques-2","status":"publish","type":"page","link":"https:\/\/branckotte.be\/?page_id=487","title":{"rendered":"Soins \u00e9nerg\u00e9tiques"},"content":{"rendered":"\n<p>Je vous accompagne \u00e0 travers diff\u00e9rentes techniques \u00e9nerg\u00e9tiques pour lib\u00e9rer les blocages, apaiser les tensions et r\u00e9tablir une circulation harmonieuse de l\u2019\u00e9nergie. Chaque s\u00e9ance est adapt\u00e9e \u00e0 vos besoins, dans le respect et la bienveillance.<\/p>\n\n\n\n<p>Chaque s\u00e9ance est la combinaison d&rsquo;un ensemble de techniques misent ensemble, car chaque personne est unique.<\/p>\n\n\n\n<p>Voici les techniques utilis\u00e9es:<\/p>\n\n\n\n<h2 class=\"wp-block-heading\">Magn\u00e9tisme<\/h2>\n\n\n\n<p>Le magn\u00e9tisme permet de r\u00e9\u00e9quilibrer les \u00e9nergies, d\u2019apaiser les douleurs, de r\u00e9duire le stress et de favoriser un mieux-\u00eatre global. Il agit sur les tensions physiques, \u00e9motionnelles et \u00e9nerg\u00e9tiques.<\/p>\n\n\n\n<p>C&rsquo;est une technique non invasive qui peut aider \u00e0 soulager des douleurs d&rsquo;origines diverses tel que tendinite, sciatique, br\u00fblure\u2026 Elle\u00a0peut \u00eatre un compl\u00e9ment \u00e0 la m\u00e9decine traditionnelle et ne la remplace pas. La s\u00e9ance s&rsquo;effectue sans manipulation sur le corps de la personne.<\/p>\n\n\n\n<p><strong>Objectif :<\/strong> r\u00e9\u00e9quilibrage \u00e9nerg\u00e9tique, apaisement, lib\u00e9ration des blocages<\/p>\n\n\n\n<h2 class=\"wp-block-heading\">Reiki<\/h2>\n\n\n\n<p>Ce mot est form\u00e9 de deux kanjis japonais, le \u00ab\u00a0Rei\u00a0\u00bb qui signifie \u00ab\u00a0esprit\u00a0\u00bb et le \u00ab\u00a0Ki\u00a0\u00bb, qui signifie \u00ab\u00a0\u00e9nergie\u00a0\u00bb.<\/p>\n\n\n\n<p>Le Reiki est une m\u00e9thode douce qui canalise l\u2019\u00e9nergie universelle pour r\u00e9harmoniser le corps et l\u2019esprit. Il apporte d\u00e9tente profonde, apaisement et revitalisation.<\/p>\n\n\n\n<p>Le Reiki est une m\u00e9thode permettant \u00e0 chacun de d\u00e9velopper sa force de l&rsquo;esprit. De quelle fa\u00e7on ?<\/p>\n\n\n\n<p>Le Reiki Traditionnel permet de faire appel aux ressources naturelles inh\u00e9rentes (\u00e9quilibre psychologique et physique, s\u00e9r\u00e9nit\u00e9, force de caract\u00e8re) que chaque personne poss\u00e8de en elle-m\u00eame. C&rsquo;est un moyen d&rsquo;aller chercher en soi ses propres ressources pour faire face \u00e0 la vie et aller vers son \u00e9panouissement naturel.<\/p>\n\n\n\n<p><strong>Objectif :<\/strong> d\u00e9tente, revitalisation, apaisement mental<\/p>\n\n\n\n<h2 class=\"wp-block-heading\">Access Bars<\/h2>\n\n\n\n<p>Access Bars consiste \u00e0 activer 32 points sur la t\u00eate pour lib\u00e9rer les pens\u00e9es limitantes, r\u00e9duire le stress et favoriser une clart\u00e9 mentale nouvelle.<\/p>\n\n\n\n<p><strong>Objectif :<\/strong> l\u00e2cher-prise, clart\u00e9 mentale, lib\u00e9ration des sch\u00e9mas<\/p>\n\n\n\n<h2 class=\"wp-block-heading\">EFT (Emotional Freedom Technique)<\/h2>\n\n\n\n<p>L\u2019EFT combine stimulation de points d\u2019acupuncture et verbalisation pour lib\u00e9rer les \u00e9motions, r\u00e9duire l\u2019anxi\u00e9t\u00e9 et apaiser les tensions.<\/p>\n\n\n\n<p><strong>Objectif :<\/strong> gestion \u00e9motionnelle, apaisement, lib\u00e9ration des peurs<\/p>\n\n\n\n<h2 class=\"wp-block-heading\">ThetaHealing<\/h2>\n\n\n\n<p>Le ThetaHealing permet d\u2019acc\u00e9der \u00e0 un \u00e9tat m\u00e9ditatif profond pour transformer les croyances limitantes, lib\u00e9rer les blocages inconscients et favoriser une gu\u00e9rison int\u00e9rieure.<\/p>\n\n\n\n<p class=\".page-soins {   max-width: 900px;   margin: 0 auto;   padding: 40px 20px;   font-family: system-ui, sans-serif;   line-height: 1.7; }  .page-soins h1 {   text-align: center;   font-size: 2.4rem;   margin-bottom: 10px; }  .page-soins .intro-texte {   text-align: center;   font-size: 1.1rem;   color: #4a5f55;   margin-bottom: 40px; }  .soin {   background: #f7f9f8;   padding: 25px;   border-radius: 10px;   margin-bottom: 30px; }  .soin h2 {   color: #345244;   margin-bottom: 10px;   font-size: 1.5rem; }  .soin p {   margin-bottom: 10px; }\"><br><strong>Objectif :<\/strong> transformation int\u00e9rieure, lib\u00e9ration profonde, reprogrammation<\/p>\n\n\n\n<p><\/p>\n\n\n\n<p>Remarque: Le magn\u00e9tisme et autres techniques de soins \u00e9nerg\u00e9tiques ne sont pas des th\u00e9rapies, et par cons\u00e9quent ne remplace pas votre suivi m\u00e9dical habituel. Ce sont des outils qui peuvent aider les personnes \u00e0 se sentir mieux dans leur peau dans leur vie de tous les jours. Il ne sera jamais effectu\u00e9 de diagnostics m\u00e9dicaux, que seul un membre du corps m\u00e9dical peut effectuer, ni de changement de la posologie prescrite par celui-ci.<\/p>\n","protected":false},"excerpt":{"rendered":"<p>Je vous accompagne \u00e0 travers diff\u00e9rentes techniques \u00e9nerg\u00e9tiques pour lib\u00e9rer les blocages, apaiser les tensions et r\u00e9tablir une circulation harmonieuse de l\u2019\u00e9nergie. Chaque s\u00e9ance est adapt\u00e9e \u00e0 vos besoins, dans le respect et la bienveillance. Chaque s\u00e9ance est la combinaison d&rsquo;un ensemble de techniques misent ensemble, car chaque personne est unique. Voici les techniques utilis\u00e9es: Magn\u00e9tisme Le magn\u00e9tisme<\/p>\n","protected":false},"author":1,"featured_media":0,"parent":0,"menu_order":1,"comment_status":"closed","ping_status":"closed","template":"","meta":{"footnotes":""},"class_list":["post-487","page","type-page","status-publish","hentry"],"_links":{"self":[{"href":"https:\/\/branckotte.be\/index.php?rest_route=\/wp\/v2\/pages\/487","targetHints":{"allow":["GET"]}}],"collection":[{"href":"https:\/\/branckotte.be\/index.php?rest_route=\/wp\/v2\/pages"}],"about":[{"href":"https:\/\/branckotte.be\/index.php?rest_route=\/wp\/v2\/types\/page"}],"author":[{"embeddable":true,"href":"https:\/\/branckotte.be\/index.php?rest_route=\/wp\/v2\/users\/1"}],"replies":[{"embeddable":true,"href":"https:\/\/branckotte.be\/index.php?rest_route=%2Fwp%2Fv2%2Fcomments&post=487"}],"version-history":[{"count":8,"href":"https:\/\/branckotte.be\/index.php?rest_route=\/wp\/v2\/pages\/487\/revisions"}],"predecessor-version":[{"id":522,"href":"https:\/\/branckotte.be\/index.php?rest_route=\/wp\/v2\/pages\/487\/revisions\/522"}],"wp:attachment":[{"href":"https:\/\/branckotte.be\/index.php?rest_route=%2Fwp%2Fv2%2Fmedia&parent=487"}],"curies":[{"name":"wp","href":"https:\/\/api.w.org\/{rel}","templated":true}]}}